{"id":7774,"date":"2024-05-23T15:03:09","date_gmt":"2024-05-23T15:03:09","guid":{"rendered":"https:\/\/www.vadoaparigi.com\/come-si-mantiene-il-blog\/"},"modified":"2024-05-23T15:09:58","modified_gmt":"2024-05-23T15:09:58","slug":"como-se-financia-este-blog","status":"publish","type":"page","link":"https:\/\/www.vadoaparigi.com\/es\/como-se-financia-este-blog\/","title":{"rendered":"\u00bfC\u00f3mo se financia este blog?"},"content":{"rendered":"\n<p>Esta p\u00e1gina te explica de manera <strong>clara y transparente c\u00f3mo se mantiene mi blog, <\/strong>\u00ab<strong>Me voy a Par\u00eds<\/strong>\u00ab<strong>,<\/strong> y c\u00f3mo utiliza los enlaces de afiliaci\u00f3n.<\/p>\n\n\n\n<p>Debes saber que en vadoaparigi.com no acepto ning\u00fan tipo de colaboraci\u00f3n ni hago marketing de influencers. \u00bfQu\u00e9 significa esto?<\/p>\n\n\n\n<p>Que si, por ejemplo, un hotel me contacta y me pide que promocione su establecimiento a cambio de un pago, yo lo rechazo.<\/p>\n\n\n\n<p>\u00bfPor qu\u00e9? Porque quiero mantenerme completamente independiente en mis decisiones. Si un servicio me gusta y tengo una buena experiencia, lo promociono, en caso contrario no.<\/p>\n\n\n\n<p>\u00bfC\u00f3mo se financia este blog?<\/p>\n\n\n\n<p><strong>El blog se mantiene solo gracias a sus visitantes<\/strong> y a las afiliaciones.<\/p>\n\n\n\n<h3 class=\"wp-block-heading\">Qu\u00e9 son los enlaces de afiliaci\u00f3n<\/h3>\n\n\n\n<p>Los enlaces de afiliaci\u00f3n son enlaces especiales que me permiten ganar una peque\u00f1a comisi\u00f3n cuando realizas una compra a trav\u00e9s de ellos, todo <strong>sin ning\u00fan coste adicional para ti<\/strong>.<\/p>\n\n\n\n<p>Estos enlaces me ayudan a cubrir los costes de gesti\u00f3n del sitio y a mantener los contenidos siempre actualizados y gratuitos.<\/p>\n\n\n\n<h3 class=\"wp-block-heading\">Mis socios, qui\u00e9nes son y c\u00f3mo los selecciono<\/h3>\n\n\n\n<p>Selecciono cuidadosamente los socios que promociono en <strong><strong>Me voy a Par\u00eds<\/strong><\/strong>.<\/p>\n\n\n\n<p>\u00bfDe qui\u00e9n estoy hablando? De sitios que muy probablemente ya utilizas para reservar alojamientos, comprar entradas y realizar visitas guiadas.<\/p>\n\n\n\n<p>Los socios con los que colaboro son 4:<\/p>\n\n\n\n<ul class=\"wp-block-list\">\n<li>Booking.com: para hoteles, apartamentos y alojamientos en general.<\/li>\n\n\n\n<li>Getyourguide.com: para entradas y visitas guiadas.<\/li>\n\n\n\n<li>Civitatis.com: para free tours, entradas y visitas guiadas.<\/li>\n\n\n\n<li>Tiqets.com: para entradas y visitas guiadas.<\/li>\n<\/ul>\n\n\n\n<p>Estos son los criterios que utilizo para mi selecci\u00f3n:<\/p>\n\n\n\n<ol class=\"wp-block-list\">\n<li><strong>Relevancia para el p\u00fablico<\/strong>: elijo programas que ofrecen productos y servicios pertinentes para quienes tienen intenci\u00f3n de visitar Par\u00eds. Esto incluye alojamientos, visitas guiadas, tours gratuitos, entradas para atracciones y accesorios para tu viaje.<\/li>\n\n\n\n<li><strong>Calidad del producto\/servicio<\/strong>: pruebo personalmente los productos y servicios que promociono (si hablo de un museo, es porque lo he visitado) y, cuando no me es posible, me baso en una larga investigaci\u00f3n online en sitios oficiales y plataformas con opiniones y rese\u00f1as.<\/li>\n\n\n\n<li><strong>Reputaci\u00f3n de la marca<\/strong>: colaboro solo con empresas que tienen una s\u00f3lida reputaci\u00f3n y un excelente servicio al cliente.<\/li>\n\n\n\n<li><strong>Experiencias personales y rese\u00f1as<\/strong>: comparto experiencias aut\u00e9nticas y transparentes, evitando promocionar productos o servicios con los que he tenido experiencias negativas.<\/li>\n\n\n\n<li><strong>Comentarios de los lectores<\/strong>: presto atenci\u00f3n a los comentarios de mis lectores y reconsidero las afiliaciones en caso de opiniones negativas. Si quieres darme tu feedback, puedes hacerlo a trav\u00e9s de la p\u00e1gina de contacto.<\/li>\n<\/ol>\n\n\n\n<h3 class=\"wp-block-heading\">Consideraciones sobre la privacidad<\/h3>\n\n\n\n<p>Tu privacidad es importante para m\u00ed. Al utilizar los enlaces de afiliaci\u00f3n, ninguna informaci\u00f3n personal es compartida con las empresas afiliadas. Todas las empresas con las que colaboro tienen sede en la Uni\u00f3n Europea y cumplen con el reglamento GDPR. Para m\u00e1s detalles sobre c\u00f3mo protejo tu privacidad, te invito a leer mi <a href=\"https:\/\/www.vadoaparigi.com\/es\/politica-de-privacidad\/\" target=\"_blank\" aria-label=\" (opens in a new tab)\" rel=\"noreferrer noopener\" class=\"ek-link\">Pol\u00edtica de Privacidad<\/a>.<\/p>\n\n\n\n<h3 class=\"wp-block-heading\">C\u00f3mo contactarme en caso de dudas<\/h3>\n\n\n\n<p>Si tienes preguntas o preocupaciones sobre mi divulgaci\u00f3n de afiliaciones, no dudes en contactarme a trav\u00e9s de mi p\u00e1gina <a href=\"https:\/\/www.vadoaparigi.com\/es\/contacto\/\" target=\"_blank\" aria-label=\" (opens in a new tab)\" rel=\"noreferrer noopener\" class=\"ek-link\">Cont\u00e1ctanos<\/a>. Estoy siempre disponible para responder a tus preguntas y proporcionar m\u00e1s aclaraciones.<\/p>\n\n\n\n<hr class=\"wp-block-separator has-alpha-channel-opacity\"\/>\n\n\n\n<p>Gracias por elegir \u00abMe voy a Par\u00eds\u00bb como tu gu\u00eda para el viaje. \u00a1Espero que mis recursos te sean \u00fatiles y te deseo una fant\u00e1stica experiencia en Par\u00eds!<\/p>\n","protected":false},"excerpt":{"rendered":"<p>Esta p\u00e1gina te explica de manera clara y transparente c\u00f3mo se mantiene mi blog, \u00abMe voy a Par\u00eds\u00ab, y c\u00f3mo utiliza los enlaces de afiliaci\u00f3n. Debes saber que en vadoaparigi.com no acepto ning\u00fan tipo de colaboraci\u00f3n ni hago marketing de influencers. \u00bfQu\u00e9 significa esto? Que si, por ejemplo, un hotel me contacta y me pide&#8230;<\/p>\n","protected":false},"author":1,"featured_media":0,"parent":0,"menu_order":0,"comment_status":"closed","ping_status":"closed","template":"","meta":{"_editorskit_title_hidden":false,"_editorskit_reading_time":0,"_editorskit_is_block_options_detached":false,"_editorskit_block_options_position":"{}","_kad_blocks_custom_css":"","_kad_blocks_head_custom_js":"","_kad_blocks_body_custom_js":"","_kad_blocks_footer_custom_js":"","_kad_post_transparent":"","_kad_post_title":"","_kad_post_layout":"","_kad_post_sidebar_id":"","_kad_post_content_style":"","_kad_post_vertical_padding":"","_kad_post_feature":"","_kad_post_feature_position":"","_kad_post_header":false,"_kad_post_footer":false,"_kad_post_classname":"","footnotes":""},"class_list":["post-7774","page","type-page","status-publish","hentry"],"taxonomy_info":[],"featured_image_src_large":false,"author_info":{"display_name":"Alex Bulla","author_link":"https:\/\/www.vadoaparigi.com\/es\/author\/alexb\/"},"comment_info":0,"_links":{"self":[{"href":"https:\/\/www.vadoaparigi.com\/es\/wp-json\/wp\/v2\/pages\/7774","targetHints":{"allow":["GET"]}}],"collection":[{"href":"https:\/\/www.vadoaparigi.com\/es\/wp-json\/wp\/v2\/pages"}],"about":[{"href":"https:\/\/www.vadoaparigi.com\/es\/wp-json\/wp\/v2\/types\/page"}],"author":[{"embeddable":true,"href":"https:\/\/www.vadoaparigi.com\/es\/wp-json\/wp\/v2\/users\/1"}],"replies":[{"embeddable":true,"href":"https:\/\/www.vadoaparigi.com\/es\/wp-json\/wp\/v2\/comments?post=7774"}],"version-history":[{"count":4,"href":"https:\/\/www.vadoaparigi.com\/es\/wp-json\/wp\/v2\/pages\/7774\/revisions"}],"predecessor-version":[{"id":7780,"href":"https:\/\/www.vadoaparigi.com\/es\/wp-json\/wp\/v2\/pages\/7774\/revisions\/7780"}],"wp:attachment":[{"href":"https:\/\/www.vadoaparigi.com\/es\/wp-json\/wp\/v2\/media?parent=7774"}],"curies":[{"name":"wp","href":"https:\/\/api.w.org\/{rel}","templated":true}]}}