{"id":7765,"date":"2024-05-22T19:01:12","date_gmt":"2024-05-22T19:01:12","guid":{"rendered":"https:\/\/www.vadoaparigi.com\/chi-sono\/"},"modified":"2024-05-22T19:10:33","modified_gmt":"2024-05-22T19:10:33","slug":"quien-soy","status":"publish","type":"page","link":"https:\/\/www.vadoaparigi.com\/es\/quien-soy\/","title":{"rendered":"Qui\u00e9n soy"},"content":{"rendered":"\n<p>Hola, <strong>soy Alex<\/strong> y te doy la bienvenida a mi blog de viajes dedicado enteramente a Par\u00eds.<\/p>\n\n\n\n<p>Si es la primera vez que visitas una de mis gu\u00edas, aqu\u00ed tienes una breve presentaci\u00f3n sobre m\u00ed:<\/p>\n\n\n\n<p><strong>Desde 2012 soy un n\u00f3mada digital sedentario<\/strong>.<\/p>\n\n\n\n<p><em>\u00bfQu\u00e9 significa y por qu\u00e9 \u00absedentario\u00bb?<\/em><\/p>\n\n\n\n<p>A diferencia de un \u00abn\u00f3mada digital\u00bb, que quiz\u00e1s se queda en los lugares que visita por pocos d\u00edas o pocas semanas, yo viajo muy lentamente y me quedo por lo menos un mes, hasta llegar a tres-seis meses y, en ciertos casos, incluso m\u00e1s.<\/p>\n\n\n\n<p>Par\u00eds es una de las ciudades en las que me he quedado m\u00e1s veces durante estos m\u00e1s de diez a\u00f1os. Mi primera visita se remonta a 2014 y desde entonces he vuelto much\u00edsimas veces.<\/p>\n\n\n\n<p>Desde 2022, a\u00f1o en el que lanc\u00e9 oficialmente Vado a Parigi, vuelvo a la Ville Lumi\u00e8re <strong>al menos una o dos veces al a\u00f1o<\/strong> para actualizar el blog, tomar nuevas fotos y visitar nuevas atracciones o nuevas exposiciones.<\/p>\n\n\n\n<h2 class=\"wp-block-heading\"><strong>\u00bfC\u00f3mo naci\u00f3 exactamente el blog Vado a Parigi?<\/strong><\/h2>\n\n\n\n<p>Antes de hablarte de c\u00f3mo naci\u00f3 este blog espec\u00edfico, hay que volver atr\u00e1s en el tiempo para entender las razones que me llevaron a la creaci\u00f3n de gu\u00edas de viaje, algo que luego se convirti\u00f3 en mi <strong>trabajo a tiempo completo<\/strong>.<\/p>\n\n\n\n<p>Como te dec\u00eda, desde 2012 dej\u00e9 Italia y el pueblito en el que nac\u00ed para viajar manteni\u00e9ndome con el marketing digital.<\/p>\n\n\n\n<p>En aquel entonces no era un blogger de viajes, sino que trabajaba como freelance.<\/p>\n\n\n\n<p>Como viajero que ama planificar sus propios viajes de forma aut\u00f3noma, una de las cosas que m\u00e1s me frustraba era la <strong>falta de informaci\u00f3n detallada y pr\u00e1ctica sobre los destinos a los que iba<\/strong>.<\/p>\n\n\n\n<p><em>\u00bfMi soluci\u00f3n?<\/em><\/p>\n\n\n\n<p>Con el tiempo empec\u00e9 a documentar a trav\u00e9s del journaling todos mis viajes, para tener una \u00abgu\u00eda\u00bb que usar durante las semanas\/meses en los que me quedaba o en caso de que decidiera volver a ese destino.<\/p>\n\n\n\n<p>En 2020, en plena pandemia de COVID, al no poder viajar m\u00e1s, me dije: \u00abAlex, \u00bfpor qu\u00e9 no compartes esta informaci\u00f3n con los dem\u00e1s en un blog?\u00bb.<\/p>\n\n\n\n<p>Y as\u00ed, en 2021 lanc\u00e9 mi primer blog de viajes, al que siguieron varios otros proyectos monotem\u00e1ticos.<\/p>\n\n\n\n<p><strong>En 2022 lanc\u00e9 VadoaParigi.com.<\/strong><\/p>\n\n\n\n<h2 class=\"wp-block-heading\">\u00bfPor qu\u00e9 leer Vado a Parigi?<\/h2>\n\n\n\n<p>Como te dec\u00eda, Vado a Parigi naci\u00f3 de una necesidad m\u00eda: la de tener a disposici\u00f3n una gu\u00eda completa, pr\u00e1ctica y actualizada. Un recurso que no lograba encontrar en otros blogs ni en las gu\u00edas de bolsillo, a menudo desactualizadas.<\/p>\n\n\n\n<p>Si t\u00fa tambi\u00e9n tienes esta necesidad, mi blog seguramente es adecuado para ti.<\/p>\n\n\n\n<p>As\u00ed que si t\u00fa tambi\u00e9n tienes esta necesidad, mi blog seguramente es adecuado para ti.<\/p>\n\n\n\n<p>Aqu\u00ed hay otras razones para usar <a href=\"http:\/\/vadoaparigi.com\" target=\"_blank\" rel=\"noopener\">vadoaparigi.com<\/a> como tu gu\u00eda de bolsillo gratuita:<\/p>\n\n\n\n<ul class=\"wp-block-list\">\n<li>Hoy el blog ayuda a m\u00e1s de 400.000 personas cada a\u00f1o a planificar su propio viaje a Par\u00eds de manera aut\u00f3noma.<\/li>\n\n\n\n<li>Vado a Parigi es GRATIS, vale la pena repetirlo \ud83d\ude03. No te pido nada para seguir mis gu\u00edas. No tienes que registrarte ni pagar para acceder a todos mis contenidos. Lo \u00fanico que puedes hacer, si quieres apoyar mi proyecto, es comprar tus entradas o reservar tu alojamiento (algo que har\u00edas de todos modos) a trav\u00e9s de los diversos enlaces que encuentras en mis art\u00edculos. Todo esto sin ning\u00fan costo adicional para ti. Obviamente no tienes ninguna obligaci\u00f3n, puedes leer mis gu\u00edas incluso sin reservar nada a trav\u00e9s de mis enlaces.<\/li>\n\n\n\n<li>El blog se actualiza constantemente. Sin embargo, ten en cuenta que a menudo los diversos museos y atracciones pueden cambiar los precios o los horarios sin previo aviso. Puedes informarme de cualquier error a trav\u00e9s de mi <a href=\"https:\/\/www.vadoaparigi.com\/contatti\/\">p\u00e1gina de contacto<\/a>. \u00a1Muchas gracias!<\/li>\n\n\n\n<li>El m\u00edo es un blog independiente. Esto es importante. <strong>No soy un influencer<\/strong>, ni un medio period\u00edstico. <strong>No acepto \u00abviajes pagados\u00bb, \u00abart\u00edculos patrocinados\u00bb y cosas similares.<\/strong> Por lo tanto, a diferencia de quienes hacen estas cosas, expreso mis opiniones y elijo restaurantes, hoteles, atracciones, tiendas y dem\u00e1s de manera totalmente aut\u00f3noma, bas\u00e1ndome en mi experiencia personal.<\/li>\n<\/ul>\n\n\n\n<h2 class=\"wp-block-heading\">\u00bfQu\u00e9 tipo de contenidos encuentras en mi blog sobre Par\u00eds?<\/h2>\n\n\n\n<p>Vado a Parigi es una gu\u00eda \u00abcompleta\u00bb o quiz\u00e1s sea mejor decir \u00aben continua construcci\u00f3n\u00bb y con nuevos art\u00edculos cada mes. Estos art\u00edculos abarcan todos los aspectos de la planificaci\u00f3n de un viaje.<\/p>\n\n\n\n<p>Aqu\u00ed tienes algunos de los contenidos que encontrar\u00e1s en vadoaparigi.com:<\/p>\n\n\n\n<ul class=\"wp-block-list\">\n<li><strong>Itinerarios detallados que van de 1 a 7 d\u00edas<\/strong>. Estos itinerarios entran en mucho detalle, incluyen tambi\u00e9n curiosidades sobre las diversas atracciones tratadas, horarios, entradas y mucho m\u00e1s.<\/li>\n\n\n\n<li><strong>Consejos para planificar un viaje:<\/strong> Estos art\u00edculos hablan de c\u00f3mo moverse, hoteles y alojamientos, qu\u00e9 no hacer, qu\u00e9 saber antes de partir, etc.<\/li>\n\n\n\n<li><strong>Meses y eventos<\/strong>: estos art\u00edculos hablan del clima, c\u00f3mo vestirse y qu\u00e9 hacer y ver en los diferentes meses del a\u00f1o en Par\u00eds.<\/li>\n\n\n\n<li><strong>Barrios<\/strong>: estos posts hablan de manera espec\u00edfica de los diferentes arrondissements de Par\u00eds. Cada barrio es famoso por algo diferente, y gracias a estos art\u00edculos podr\u00e1s tener una comprensi\u00f3n m\u00e1s profunda de las diferentes \u00abzonas\u00bb de la capital francesa.<\/li>\n\n\n\n<li><strong>Alrededores<\/strong>: esta secci\u00f3n incluye art\u00edculos sobre los destinos m\u00e1s interesantes para ver en las cercan\u00edas de Par\u00eds.<\/li>\n\n\n\n<li><strong>Museos y atracciones<\/strong>: obviamente no faltan art\u00edculos detallados y en profundidad sobre los museos y atracciones individuales de la ciudad.<\/li>\n<\/ul>\n\n\n\n<h2 class=\"wp-block-heading\">Algunas curiosidades sobre m\u00ed<\/h2>\n\n\n\n<p>Bueno, creo que he terminado con las cosas que decir sobre Vado a Parigi. Te dejo con algunas curiosidades sobre m\u00ed:<\/p>\n\n\n\n<ul class=\"wp-block-list\">\n<li>He vivido\/viajado buena parte de estos m\u00e1s de 10 a\u00f1os en Espa\u00f1a (en total casi 5 a\u00f1os), recorriendo 1\/3 del pa\u00eds.<\/li>\n\n\n\n<li>Desde 2023 he dejado de ser un \u00abn\u00f3mada digital\u00bb. A los 34 a\u00f1os sent\u00ed la necesidad de tener un lugar \u00abfijo\u00bb al que volver despu\u00e9s de mis viajes.<\/li>\n\n\n\n<li>Soy un amante de los gatos. Aquiles, mi primer gato, me ha acompa\u00f1ado en mis viajes en los \u00faltimos 4 a\u00f1os. Hoy, sin embargo, tengo 4 gatos: Aquiles, Tiger, Luna y Kayla. Obviamente esta es otra raz\u00f3n por la que he dejado de ser un n\u00f3mada digital.<\/li>\n\n\n\n<li>No me gustan las redes sociales, ni tomarme fotos (algunas las encuentras, pero pocas). De muy joven era una persona muy extrovertida, de alguna manera, al crecer, he cambiado. Motivo por el cual, aunque tengo p\u00e1ginas en redes sociales, no las actualizo mucho y no publico muchas fotos. Al menos por ahora es as\u00ed, en un futuro qui\u00e9n sabe \ud83d\ude0a.<\/li>\n<\/ul>\n","protected":false},"excerpt":{"rendered":"<p>Hola, soy Alex y te doy la bienvenida a mi blog de viajes dedicado enteramente a Par\u00eds. Si es la primera vez que visitas una de mis gu\u00edas, aqu\u00ed tienes una breve presentaci\u00f3n sobre m\u00ed: Desde 2012 soy un n\u00f3mada digital sedentario. \u00bfQu\u00e9 significa y por qu\u00e9 \u00absedentario\u00bb? A diferencia de un \u00abn\u00f3mada digital\u00bb, que&#8230;<\/p>\n","protected":false},"author":1,"featured_media":0,"parent":0,"menu_order":0,"comment_status":"closed","ping_status":"closed","template":"","meta":{"_editorskit_title_hidden":false,"_editorskit_reading_time":0,"_editorskit_is_block_options_detached":false,"_editorskit_block_options_position":"{}","_kad_blocks_custom_css":"","_kad_blocks_head_custom_js":"","_kad_blocks_body_custom_js":"","_kad_blocks_footer_custom_js":"","_kad_post_transparent":"","_kad_post_title":"","_kad_post_layout":"","_kad_post_sidebar_id":"","_kad_post_content_style":"","_kad_post_vertical_padding":"","_kad_post_feature":"","_kad_post_feature_position":"","_kad_post_header":false,"_kad_post_footer":false,"_kad_post_classname":"","footnotes":""},"class_list":["post-7765","page","type-page","status-publish","hentry"],"taxonomy_info":[],"featured_image_src_large":false,"author_info":{"display_name":"Alex Bulla","author_link":"https:\/\/www.vadoaparigi.com\/es\/author\/alexb\/"},"comment_info":0,"_links":{"self":[{"href":"https:\/\/www.vadoaparigi.com\/es\/wp-json\/wp\/v2\/pages\/7765","targetHints":{"allow":["GET"]}}],"collection":[{"href":"https:\/\/www.vadoaparigi.com\/es\/wp-json\/wp\/v2\/pages"}],"about":[{"href":"https:\/\/www.vadoaparigi.com\/es\/wp-json\/wp\/v2\/types\/page"}],"author":[{"embeddable":true,"href":"https:\/\/www.vadoaparigi.com\/es\/wp-json\/wp\/v2\/users\/1"}],"replies":[{"embeddable":true,"href":"https:\/\/www.vadoaparigi.com\/es\/wp-json\/wp\/v2\/comments?post=7765"}],"version-history":[{"count":2,"href":"https:\/\/www.vadoaparigi.com\/es\/wp-json\/wp\/v2\/pages\/7765\/revisions"}],"predecessor-version":[{"id":7768,"href":"https:\/\/www.vadoaparigi.com\/es\/wp-json\/wp\/v2\/pages\/7765\/revisions\/7768"}],"wp:attachment":[{"href":"https:\/\/www.vadoaparigi.com\/es\/wp-json\/wp\/v2\/media?parent=7765"}],"curies":[{"name":"wp","href":"https:\/\/api.w.org\/{rel}","templated":true}]}}